{"id":1705,"date":"2025-01-01T15:09:29","date_gmt":"2025-01-01T14:09:29","guid":{"rendered":"https:\/\/www.kinesiologycourses.cz\/?page_id=1705"},"modified":"2025-01-01T15:10:01","modified_gmt":"2025-01-01T14:10:01","slug":"podekovani-za-doporuceni","status":"publish","type":"page","link":"https:\/\/www.kinesiologycourses.cz\/en\/podekovani-za-doporuceni\/","title":{"rendered":"Pod\u011bkov\u00e1n\u00ed za doporu\u010den\u00ed"},"content":{"rendered":"<div data-elementor-type=\"wp-page\" data-elementor-id=\"1705\" class=\"elementor elementor-1705\" data-elementor-post-type=\"page\">\n\t\t\t\t<div class=\"elementor-element elementor-element-87bb48b e-flex e-con-boxed e-con e-parent\" data-id=\"87bb48b\" data-element_type=\"container\">\n\t\t\t\t\t<div class=\"e-con-inner\">\n\t\t\t\t<div class=\"elementor-element elementor-element-df6a1af elementor-invisible elementor-widget elementor-widget-image\" data-id=\"df6a1af\" data-element_type=\"widget\" data-settings=\"{&quot;_animation&quot;:&quot;zoomIn&quot;}\" data-widget_type=\"image.default\">\n\t\t\t\t<div class=\"elementor-widget-container\">\n\t\t\t\t\t\t\t\t\t\t\t\t\t\t\t<img fetchpriority=\"high\" decoding=\"async\" width=\"500\" height=\"500\" src=\"https:\/\/www.kinesiologycourses.cz\/wp-content\/uploads\/2024\/07\/Kinesiology-Courses-logo.png\" class=\"attachment-large size-large wp-image-34\" alt=\"KINEZIOLOGIE ONE BRAIN logo\" srcset=\"https:\/\/www.kinesiologycourses.cz\/wp-content\/uploads\/2024\/07\/Kinesiology-Courses-logo.png 500w, https:\/\/www.kinesiologycourses.cz\/wp-content\/uploads\/2024\/07\/Kinesiology-Courses-logo-300x300.png 300w, https:\/\/www.kinesiologycourses.cz\/wp-content\/uploads\/2024\/07\/Kinesiology-Courses-logo-150x150.png 150w\" sizes=\"(max-width: 500px) 100vw, 500px\" \/>\t\t\t\t\t\t\t\t\t\t\t\t\t\t\t<\/div>\n\t\t\t\t<\/div>\n\t\t\t\t<div class=\"elementor-element elementor-element-cad1f5f elementor-invisible elementor-widget elementor-widget-heading\" data-id=\"cad1f5f\" data-element_type=\"widget\" data-settings=\"{&quot;_animation&quot;:&quot;zoomIn&quot;}\" data-widget_type=\"heading.default\">\n\t\t\t\t<div class=\"elementor-widget-container\">\n\t\t\t\t\t<h2 class=\"elementor-heading-title elementor-size-default\">Thank you for your trust and recommendation!<\/h2>\t\t\t\t<\/div>\n\t\t\t\t<\/div>\n\t\t\t\t<div class=\"elementor-element elementor-element-70b650b elementor-view-default elementor-widget elementor-widget-icon\" data-id=\"70b650b\" data-element_type=\"widget\" data-widget_type=\"icon.default\">\n\t\t\t\t<div class=\"elementor-widget-container\">\n\t\t\t\t\t\t\t<div class=\"elementor-icon-wrapper\">\n\t\t\t<a class=\"elementor-icon\" href=\"https:\/\/www.kinesiologycourses.cz\/en\/home\/\">\n\t\t\t<i aria-hidden=\"true\" class=\"fas fa-times\"><\/i>\t\t\t<\/a>\n\t\t<\/div>\n\t\t\t\t\t\t<\/div>\n\t\t\t\t<\/div>\n\t\t\t\t\t<\/div>\n\t\t\t\t<\/div>\n\t\t\t\t<\/div>","protected":false},"excerpt":{"rendered":"<p>Thank you for your trust and recommendation!<\/p>","protected":false},"author":3,"featured_media":0,"parent":0,"menu_order":0,"comment_status":"closed","ping_status":"closed","template":"elementor_canvas","meta":{"footnotes":""},"class_list":["post-1705","page","type-page","status-publish","hentry"],"_links":{"self":[{"href":"https:\/\/www.kinesiologycourses.cz\/en\/wp-json\/wp\/v2\/pages\/1705","targetHints":{"allow":["GET"]}}],"collection":[{"href":"https:\/\/www.kinesiologycourses.cz\/en\/wp-json\/wp\/v2\/pages"}],"about":[{"href":"https:\/\/www.kinesiologycourses.cz\/en\/wp-json\/wp\/v2\/types\/page"}],"author":[{"embeddable":true,"href":"https:\/\/www.kinesiologycourses.cz\/en\/wp-json\/wp\/v2\/users\/3"}],"replies":[{"embeddable":true,"href":"https:\/\/www.kinesiologycourses.cz\/en\/wp-json\/wp\/v2\/comments?post=1705"}],"version-history":[{"count":0,"href":"https:\/\/www.kinesiologycourses.cz\/en\/wp-json\/wp\/v2\/pages\/1705\/revisions"}],"wp:attachment":[{"href":"https:\/\/www.kinesiologycourses.cz\/en\/wp-json\/wp\/v2\/media?parent=1705"}],"curies":[{"name":"wp","href":"https:\/\/api.w.org\/{rel}","templated":true}]}}